{"id":867,"date":"2021-07-06T09:22:54","date_gmt":"2021-07-06T07:22:54","guid":{"rendered":"https:\/\/emprego.cifprodolfoucha.es\/?page_id=867"},"modified":"2021-12-14T11:58:17","modified_gmt":"2021-12-14T10:58:17","slug":"politica-de-privacidade","status":"publish","type":"page","link":"https:\/\/emprego.cifprodolfoucha.es\/index.php\/politica-de-privacidade\/","title":{"rendered":"Aviso Legal &#8211; Pol\u00edtica de Privacidade"},"content":{"rendered":"<h3><strong><u>Quen somos e que finalidade temos?<\/u><\/strong><\/h3>\n<p><strong>emprego.cifprodolfoucha.es<\/strong> somos unha plataforma onde se po\u00f1en en contacto empresas que ofrecen postos de traballo, coa parte do noso alumnado que, voluntariamente, ao rematar os seus estudos, queira procurar un emprego.<\/p>\n<p>Polo tanto, os datos que se proporcionan para crear os perf\u00eds de <strong>usuario empresa<\/strong> ou de <strong>usuario candidato<\/strong> s\u00f3 poder\u00e1n ser tratados para tal fin e non poder\u00e1n ser cedidos a terceiros. Especificamente eses usos ser\u00e1n:<\/p>\n<ol>\n<li>Comunicar os datos do usuario candidato \u00e1 empresa \u00e1 que pertenza a oferta de traballo \u00e1 que se apunte o alumno ou alumna.<\/li>\n<li>Enviar un aviso ao correo electr\u00f3nico do usuario candidato, cada vez que unha empresa colgue unha nova oferta de traballo que pertenza a o sector ou sectores seleccionados polo alumnado dado de alta.<\/li>\n<li>Permitir que os usuario empresa poida visualizar o curr\u00edculum v\u00edtae do usuario candidato cando este seleccione a s\u00faa oferta.<\/li>\n<\/ol>\n<p>A utilizaci\u00f3n por parte dos usuarios de calquera dos servizos da plataforma sup\u00f3n e expresa a s\u00faa adhesi\u00f3n e aceptaci\u00f3n a todas as Condici\u00f3ns Xerais de Uso, as\u00ed como as Condici\u00f3ns Particulares que, no seu caso, sexan de aplicaci\u00f3n.<\/p>\n<p>O CIFP Rodolfo Ucha Pi\u00f1eiro res\u00e9rvase o dereito a modificar sen previo aviso as presentes Condici\u00f3ns Xerais de Uso co obxecto de adecualas \u00e1 lexislaci\u00f3n vixente aplicable en cada momento, as novas xurisprudencias e as pr\u00e1cticas habituais. As\u00ed mesmo res\u00e9rvase a posibilidade de modificar, sen previo aviso, o dese\u00f1o, presentaci\u00f3n e\/ou configuraci\u00f3n deste sitio web, as\u00ed como alg\u00fans ou todos os servizos, e engadir servizos novos.<\/p>\n<h3><strong><u>Responsable do tratamento<\/u><\/strong><\/h3>\n<p>Centro Integrado de Formaci\u00f3n Profesional Rodolfo Ucha Pi\u00f1eiro<\/p>\n<p>Enderezo postal: Avda. Castelao 64, 15406 Ferrol.<\/p>\n<p>Tel\u00e9fono: +34 881 930 145<\/p>\n<p>Contacto: cifp.rodolfo.ucha@edu.xunta.gal<\/p>\n<p>O CIFP Rodolfo Ucha Pi\u00f1eiro non se responsabiliza dos produtos ou servizos prestados ou ofertados polas persoas candidatas, empresas ou terceiros por medio dos seus servizos, tampouco por contido, informaci\u00f3n, comunicaci\u00f3n, opini\u00f3n ou manifestaci\u00f3n de calquera tipo que te\u00f1a a persoa candidata, empresa ou terceiros e que comuniquen, transmitan ou exhiban a trav\u00e9s dos nosos servizos.<\/p>\n<h3><strong><u>Lexitimaci\u00f3n para o tratamento da informaci\u00f3n<\/u><\/strong><\/h3>\n<p>Os usuarios que env\u00edan os datos dos correspondentes formularios para rexistro na bolsa manifestan ter lido e aceptado a Pol\u00edtica de Protecci\u00f3n de Datos. Do mesmo xeito, outorgan o seu consentimento expreso e inequ\u00edvoco para o tratamento dos seus datos persoais conforme \u00e1s finalidades informadas.<\/p>\n<p>Tanto os usuarios candidatos como os\u00a0 usuarios empresas deben seleccionar o identificador (IDE ou \u201clogin\u201d) e o contrasinal compromet\u00e9ndose a conservalo e a usalo coa dilixencia debida. O uso do contrasinal \u00e9 persoal e intransferible, non estando permitida a cesi\u00f3n, nin sequera temporal, a terceiros.<\/p>\n<h3><strong><u>Cl\u00e1usula para empresas<\/u><\/strong><\/h3>\n<p>Toda empresa que se inscriba na bolsa est\u00e1 lexitimada a acceder \u00e1 informaci\u00f3n contida nos curr\u00edculum vitae dos candidatos que acepten as s\u00faas ofertas, pero non poder\u00e1n usala para ningunha outra finalidade que a de cubrir o posto de traballo ofertado, non podendo cedela baixo ning\u00fan concepto a terceiros.<\/p>\n<p>As\u00ed mesmo, o CIFP Rodolfo Ucha Pi\u00f1eiro res\u00e9rvase a potestade de retirar, sen previo aviso do sitio web aqueles contidos que se consideren il\u00edcitos e\/ou non apropiados \u00e1s caracter\u00edsticas e finalidades da bolsa.<\/p>\n<p>Non se permite expresamente, a publicaci\u00f3n de ofertas de emprego de car\u00e1cter piramidal.<\/p>\n<p>Todo candidato poder\u00e1 exercer o seu dereito de acceso, rectificaci\u00f3n e borrado desa informaci\u00f3n dirix\u00edndose \u00e1 empresa por escrito, a trav\u00e9s dos datos de contacto publicados no perfil da bolsa.<\/p>\n<h3><strong><u>Cl\u00e1usula para candidatos<\/u><\/strong><\/h3>\n<p>Todo candidato que se inscriba na bolsa est\u00e1 lexitimado a acceder \u00e1 informaci\u00f3n sobre as ofertas de traballo colgadas polas empresas, que sexan coincidentes co seu sector ou sectores profesionais. Aceptan que para tal fin, lles chegue un aviso ao seu correo electr\u00f3nico. Ao apuntarse a algunha ou algunhas das ofertas de traballo activas permiten que a empresa oferente poida acceder ao seu curr\u00edculum vitae, se \u00e9 que o ten subido \u00e1 bolsa.<\/p>\n<p>As\u00ed mesmo, o CIFP Rodolfo Ucha Pi\u00f1eiro res\u00e9rvase a potestade de retirar, sen previo aviso do sitio web aqueles contidos que se consideren il\u00edcitos e\/ou non apropiados \u00e1s caracter\u00edsticas e finalidades da bolsa.<\/p>\n<p>Todo candidato poder\u00e1 exercer o seu dereito de acceso, rectificaci\u00f3n e borrado desa informaci\u00f3n dirix\u00edndose \u00e1 empresa por escrito, a trav\u00e9s dos datos de contacto publicados no perfil da bolsa.<\/p>\n<h3><strong><u>Destinatarios dos datos<\/u><\/strong><\/h3>\n<p>No caso da informaci\u00f3n sobre as ofertas das empresas, os destinatarios son os candidatos do mesmo sector profesional que ser\u00e1n alertados mediante un aviso ao seu correo electr\u00f3nico.<\/p>\n<p>No caso da informaci\u00f3n sobre os candidatos e, se \u00e9 o caso, dos seus curr\u00edculum vitae, os destinatarios son as empresas que colguen ofertas de traballo dos mesmos sectores profesionais que os declarados polos demandantes.<\/p>\n<h3><strong><u>Obrigas dos destinatarios dos datos<\/u><\/strong><\/h3>\n<p>Empresas e usuarios candidatos rexistrados est\u00e1n obrigados a respectar as leis aplicables e os dereitos de terceiros, ao empregar os servizos e contidos da bolsa de emprego. Non se poder\u00e1 difundir, reproducir ou comunicar publicamente os contidos, de usuarios ou terceiros, sin ter autorizaci\u00f3n previa do titular dos dereitos.<\/p>\n<h3><strong><u>Exercicio de dereitos<\/u><\/strong><\/h3>\n<p>Calquera usuario poder\u00e1 exercer de xeito inequ\u00edvoco e fidedigno, o dereito a acceder aos seus datos na bolsa para rectificalos ou para cancelalos se as\u00ed o desexa, a trav\u00e9s do contacto do responsable do tratamento.<\/p>\n<h3><strong><u>Uso de COOKIES<br \/>\n<\/u><\/strong><\/h3>\n<p>O sitio web <strong>emprego.cifprodolfoucha.es<\/strong> (SITIO WEB) pode utilizar cookies cando un USUARIO\/A navega polos sitios e p\u00e1xinas web do SITIO WEB. As cookies utilizadas por sitio web as\u00f3cianse unicamente cun USUARIO\/A an\u00f3nimo e o seu computador e non proporcionan por si o nome e apelidos do USUARIO. Grazas \u00e1s cookies, resulta posible reco\u00f1ecer aos\/as USUARIOS\/AS rexistrados despois de que estes rexistr\u00e1ronse por primeira vez, sen que te\u00f1an que rexistrarse en cada visita para acceder \u00e1s \u00e1reas e servizos reservados exclusivamente a eles. As cookies utilizadas non poden ler datos do seu disco r\u00edxido nin ler os arquivos cookie creados por outros provedores. Os datos identificativos da persoa USUARIA son cifrados para maior seguridade.<\/p>\n<p>O\/a USUARIO\/A ten a posibilidade de configurar o seu navegador para ser avisado en pantalla da recepci\u00f3n de cookies e para impedir a s\u00faa instalaci\u00f3n no seu disco r\u00edxido. Por favor, consulte as instruci\u00f3ns e manuais do seu navegador para ampliar esta informaci\u00f3n. Para utilizar o SITIO WEB, non resulta necesario que o\/a USUARIO\/A permita a instalaci\u00f3n das cookies enviadas polo sitio web, sen prexu\u00edzo de que en tal caso ser\u00e1 necesario que o Usuario\/a se rexistre como usuario de cada un dos servizos cuxa prestaci\u00f3n requira o previo rexistro.<\/p>\n<p>De igual maneira, os nosos servidores web detectan de maneira autom\u00e1tica a direcci\u00f3n IP e o nome de dominio utilizados polo usuario\/a. Toda esta informaci\u00f3n \u00e9 rexistrada nun ficheiro de actividade do servidor que permite o posterior procesamento dos datos co fin de obter medici\u00f3ns estat\u00edsticas que nos permitan co\u00f1ecer o n\u00famero de impresi\u00f3ns de p\u00e1xinas, o n\u00famero de visitas realizadas aos nosos servizos web, etc.<\/p>\n<p>Que tipos de cookies utiliza esta p\u00e1xina web?<\/p>\n<p>Cookies de an\u00e1lise: Son aquelas que permiten ao responsable das mesmas, o seguimento e an\u00e1lise do comportamento dos usuarios dos sitios web aos que est\u00e1n vinculadas. A informaci\u00f3n recollida mediante este tipo de cookies util\u00edzase na medici\u00f3n da actividade dos sitios web, aplicaci\u00f3n ou plataforma e para a elaboraci\u00f3n de perf\u00eds de navegaci\u00f3n dos usuarios dos devanditos sitios, aplicaci\u00f3ns e plataformas, co fin de introducir melloras en funci\u00f3n da an\u00e1lise dos datos de uso que fan os usuarios do servizo.<\/p>\n<p>Recabamos cookies propias y de terceros, ofreci\u00e9ndole a continuaci\u00f3n en forma de tabla, toda la informaci\u00f3n respecto a las mismas:<\/p>\n<p>PHPSESSID : Esta cookie e nativa de PHP e permite a\u00a0 web gardar datos serializados de estado. Non tien caducidade establecida xa que desaparece cando se cerra a web.<\/p>\n<p>_ga : Utilizase para identificar mediante Google Analytics e distinguir a un usuario. Almacenan un identificador de cliente \u00fanico (ID de cliente), que se xenera aleatoriamente. Utilizase para calcular as interacci\u00f3ns dos usuarios (visitas, os datos de usuarios, sesi\u00f3ns e campa\u00f1as).<\/p>\n<p>wordpress_test_cookie: Esta cookie usase para que o xestor de contenidos WordPress comprobe se o navegador ten cookies activadas.<\/p>\n<p>__atuvc : cookies de Addthis. _atuvc \u00e9 una cookie que proporciona los bot\u00f3ns para compartir informaci\u00f3n e art\u00edculos en redes sociais como Twitter, Facebook, Blogger, Tuenti, Google+ y otros. \u00c9 unha cookie con unha permanencia de 2 anos. Non permite identificar \u00f3 usuario (cookie an\u00f3nima). uid \u00e9 una cookie que permite saber aproximadamente a ubicaci\u00f3n geogr\u00e1fica de los usuarios para el an\u00e1lisis estad\u00edstico de la web, expirando tam\u00e9n \u00f3s 2 anos.<\/p>\n<p>__atuvs : Comparte contido con unha amplia gama plataformas de redes e recursos compartidos. Almacena un contador actualizado de p\u00e1xnas compartidas. Duraci\u00f3n 30 min.<\/p>\n<p>CookieConsent : Cookie para detectar a aceptaci\u00f3n de uso de cookies. Cookie (de terceros) 1 mes<\/p>\n<p>wordpress_logged_in_ : Cookie de WordPress para usuarios con sesi\u00f3n iniciada. T\u00e9cnica. Sesi\u00f3n<\/p>\n<p>wordpress_test_cookie : Esta cookie usase para que o xestor de contidos WordPress comprobe si o navegador ten as cookies activadas e por tanto, si o usuario acepta cookies. T\u00e9cnica Sesi\u00f3n<\/p>\n<p>wp-settings- : Esta cookie utilizase para personalizar a interfaz do usuario. T\u00e9cnica. Sesi\u00f3n<\/p>\n<p>wp-settings-{time}-{UID} : O UID situado al final del nombre de la cookie conten o ID de usuario almacenado na base de datos de WordPress. Usase para almacenar o aspecto de la interfaz de administraci\u00f3n y pode ser usada para almacenar o aspecto do sitio principal. T\u00e9cnica. 1 a\u00f1o<\/p>\n<p>redux_current_tab_get: Cookie para mellorar a navegaci\u00f3n na web , De terceros, WordPress. 1 semana<\/p>\n<p>redux_current_tab_careerfy_framework_options: Cookie para mellorar a navegaci\u00f3n na web , De terceros, WordPress. 1 semana<\/p>\n<p>redux_current_tab: Cookie para mellorar a navegaci\u00f3n na web , De terceros, WordPress. 1 semana<\/p>\n<p>Nalg\u00fans navegadores pode configurar regras para administrar cookies por sitio, o que lle ofrece un control m\u00e1is preciso sobre a s\u00faa privacidade. Isto significa que pode inhabilitar cookies de todos os sitios salvo daqueles nos que conf\u00ede. Por tanto, vostede pode permitir, bloquear ou eliminar as cookies instaladas no seu equipo mediante a configuraci\u00f3n das opci\u00f3ns do navegador instalado no seu computador:<\/p>\n<p>Para m\u00e1is informaci\u00f3n sobre Navegador Chrome\u00a0<a href=\"https:\/\/support.google.com\/chrome\/answer\/95647?hl=es\"><strong>pulse aqu\u00ed.<\/strong><\/a><\/p>\n<p>Para m\u00e1is informaci\u00f3n sobre Navegador Mozilla Firefox<a href=\"https:\/\/support.mozilla.org\/es\/kb\/habilitar-y-deshabilitar-cookies-sitios-web-rastrear-preferencias?redirectslug=habilitar-y-deshabilitar-cookies-que-los-sitios-we&amp;redirectlocale=es\"><strong>\u00a0pulse aqu\u00ed.<\/strong><\/a><\/p>\n<p>Para m\u00e1is informaci\u00f3n sobre Navegador Internet Explorer\u00a0<a href=\"https:\/\/support.microsoft.com\/es-es\/topic\/eliminar-y-administrar-cookies-168dab11-0753-043d-7c16-ede5947fc64d\"><strong>pulse aqu\u00ed.<\/strong><\/a><\/p>\n<p>Outra das funci\u00f3ns de todos os navegadores \u00e9 o modo inc\u00f3gnito ou navegaci\u00f3n privada. Pode navegar en modo de inc\u00f3gnito cando non queira que as s\u00faas visitas a sitios web ou as s\u00faas descargas rex\u00edstrense nos historiais de navegaci\u00f3n e descargas. As cookies creadas en modo de inc\u00f3gnito elim\u00ednanse despois de pechar todas as xanelas de inc\u00f3gnito.<\/p>\n","protected":false},"excerpt":{"rendered":"<p>Quen somos e que finalidade temos? emprego.cifprodolfoucha.es somos unha plataforma onde se po\u00f1en en contacto empresas que ofrecen postos de traballo, coa parte do noso alumnado que, voluntariamente, ao rematar os seus estudos, queira procurar un emprego. Polo tanto, os datos que se proporcionan para crear os perf\u00eds de usuario empresa ou de usuario candidato&#8230;<\/p>\n","protected":false},"author":48,"featured_media":0,"parent":0,"menu_order":0,"comment_status":"closed","ping_status":"closed","template":"","meta":{"footnotes":""},"class_list":["post-867","page","type-page","status-publish","hentry"],"_links":{"self":[{"href":"https:\/\/emprego.cifprodolfoucha.es\/index.php\/wp-json\/wp\/v2\/pages\/867","targetHints":{"allow":["GET"]}}],"collection":[{"href":"https:\/\/emprego.cifprodolfoucha.es\/index.php\/wp-json\/wp\/v2\/pages"}],"about":[{"href":"https:\/\/emprego.cifprodolfoucha.es\/index.php\/wp-json\/wp\/v2\/types\/page"}],"author":[{"embeddable":true,"href":"https:\/\/emprego.cifprodolfoucha.es\/index.php\/wp-json\/wp\/v2\/users\/48"}],"replies":[{"embeddable":true,"href":"https:\/\/emprego.cifprodolfoucha.es\/index.php\/wp-json\/wp\/v2\/comments?post=867"}],"version-history":[{"count":10,"href":"https:\/\/emprego.cifprodolfoucha.es\/index.php\/wp-json\/wp\/v2\/pages\/867\/revisions"}],"predecessor-version":[{"id":1044,"href":"https:\/\/emprego.cifprodolfoucha.es\/index.php\/wp-json\/wp\/v2\/pages\/867\/revisions\/1044"}],"wp:attachment":[{"href":"https:\/\/emprego.cifprodolfoucha.es\/index.php\/wp-json\/wp\/v2\/media?parent=867"}],"curies":[{"name":"wp","href":"https:\/\/api.w.org\/{rel}","templated":true}]}}